{"id":4341,"date":"2023-08-09T08:14:43","date_gmt":"2023-08-09T08:14:43","guid":{"rendered":"http:\/\/ridossavunma.com\/?page_id=4341"},"modified":"2023-08-09T08:17:40","modified_gmt":"2023-08-09T08:17:40","slug":"subsytem-services","status":"publish","type":"page","link":"https:\/\/ridossavunma.com\/tr\/alt-sistem-hizmetleri\/","title":{"rendered":"Alt Sistem Hizmetleri"},"content":{"rendered":"<div data-elementor-type=\"wp-page\" data-elementor-id=\"4341\" class=\"elementor elementor-4341\" data-elementor-settings=\"[]\">\n\t\t\t<div class=\"elementor-inner\">\n\t\t\t\t<div class=\"elementor-section-wrap\">\n\t\t\t\t\t\t\t<header class=\"elementor-element elementor-element-e2a2757 elementor-section-stretched elementor-section-full_width elementor-section-height-default elementor-section-height-default section__indent-def section__outdent-def elementor-section elementor-top-section\" data-id=\"e2a2757\" data-element_type=\"section\" data-settings=\"{&quot;stretch_section&quot;:&quot;section-stretched&quot;}\">\n\t\t\t\t\t\t<div class=\"elementor-container elementor-column-gap-no\">\n\t\t\t\t<div class=\"elementor-row\">\n\t\t\t\t<div class=\"elementor-element elementor-element-7f95f49 elementor-column elementor-col-100 elementor-top-column\" data-id=\"7f95f49\" data-element_type=\"column\">\n\t\t\t<div class=\"elementor-column-wrap  elementor-element-populated\">\n\t\t\t\t\t<div class=\"elementor-widget-wrap\">\n\t\t\t\t<div class=\"elementor-element elementor-element-60ebe9f elementor-widget elementor-widget-quadron-page-hero-section\" data-id=\"60ebe9f\" data-element_type=\"widget\" data-widget_type=\"quadron-page-hero-section.default\">\n\t\t\t\t<div class=\"elementor-widget-container\">\n\t\t\t<div class=\"section--no-padding section\"><div class=\"subpage-header\"><div class=\"subpage-header__bg\"><div class=\"container\"><div class=\"subpage-header__block\"><div class=\"subpage-header__caption\">RIDOS Savunma<\/div><h1 class=\"subpage-header__title\">Alt Sistem Hizmetleri<\/h1><div class=\"subpage-header__line\"><\/div><\/div><\/div><\/div><\/div><\/div>\t\t<\/div>\n\t\t\t\t<\/div>\n\t\t\t\t\t\t<\/div>\n\t\t\t<\/div>\n\t\t<\/div>\n\t\t\t\t\t\t<\/div>\n\t\t\t<\/div>\n\t\t<\/header>\n\t\t\t\t<section class=\"elementor-element elementor-element-59082f3 elementor-section-stretched elementor-section-full_width elementor-section-height-default elementor-section-height-default section__indent-def section__outdent-def elementor-section elementor-top-section\" data-id=\"59082f3\" data-element_type=\"section\" data-settings=\"{&quot;stretch_section&quot;:&quot;section-stretched&quot;}\">\n\t\t\t\t\t\t<div class=\"elementor-container elementor-column-gap-no\">\n\t\t\t\t<div class=\"elementor-row\">\n\t\t\t\t<div class=\"elementor-element elementor-element-0006a39 elementor-column elementor-col-100 elementor-top-column\" data-id=\"0006a39\" data-element_type=\"column\">\n\t\t\t<div class=\"elementor-column-wrap  elementor-element-populated\">\n\t\t\t\t\t<div class=\"elementor-widget-wrap\">\n\t\t\t\t<div class=\"elementor-element elementor-element-13a4d29 elementor-widget elementor-widget-quadron-services-seven-section\" data-id=\"13a4d29\" data-element_type=\"widget\" data-widget_type=\"quadron-services-seven-section.default\">\n\t\t\t\t<div class=\"elementor-widget-container\">\n\t\t\t<div class=\"section--no-padding section\"><div class=\"chessbox02\"><div class=\"chessbox02__item chessbox02__item-top\"><div class=\"chessbox02__img\" style=\"background-image:url(https:\/\/ninetheme.com\/themes\/quadron\/wp-content\/uploads\/2019\/11\/sectionbg_wrapper-03.jpg);\"><img decoding=\"async\" src=\"http:\/\/ridossavunma.com\/wp-content\/uploads\/2023\/08\/situational-awareness-vision-systems.png\" alt=\"durumsal-fark\u0131ndal\u0131k-vizyon-sistemleri.png\"><\/div><div class=\"chessbox02__description\"><div class=\"section-heading\"><div class=\"description\"><i><\/i>01<\/div><h4 class=\"title\">Durumsal fark\u0131ndal\u0131k<br> G\u00f6r\u00fc\u015f Sistemleri\n<\/h4><\/div><p>Durumsal Fark\u0131ndal\u0131k G\u00f6r\u00fcnt\u00fc Sistemleri (SAVS), askeri ara\u00e7 platformlar\u0131 i\u00e7in gece ve g\u00fcnd\u00fcz her t\u00fcrl\u00fc hava ko\u015fulunda 360 derece \u00e7evre bilinci sa\u011flayan g\u00f6r\u00fc\u015f sistemi \u00e7\u00f6z\u00fcm\u00fcd\u00fcr. Kullan\u0131c\u0131 gereksinimlerine g\u00f6re termal kamera, g\u00fcnd\u00fcz TV kameras\u0131 ve NIR kameran\u0131n farkl\u0131 konfig\u00fcrasyonlar\u0131 ile \u00e7ekilen dijital videolar, sistemin bir par\u00e7as\u0131 olan g\u00f6r\u00fcnt\u00fc i\u015fleme \u00fcnitesi arac\u0131l\u0131\u011f\u0131yla kullan\u0131c\u0131 monit\u00f6r\u00fcne aktar\u0131l\u0131r. Ayr\u0131ca lazer ayd\u0131nlat\u0131c\u0131 ile desteklenen Day TV kamera veya NIR kamera \u00e7\u00f6z\u00fcmleri de alternatif olarak sunulmaktad\u0131r.<\/p><a class=\"btn-link-icon btn-top\" href=\"https:\/\/ridossavunma.com\/tr\/iletisim\/\"><i class=\"btn__icon\"><svg><use xlink:href=\"#arrow_right\"><\/use><\/svg><\/i><span class=\"btn__text\">KE\u015eFETMEK<\/span><\/a><\/div><\/div><div class=\"chessbox02__item bg-base\"><div class=\"chessbox02__img\" style=\"background-image:url(http:\/\/ridossavunma.com\/wp-content\/uploads\/2023\/08\/awareness-system.jpg);\"><img decoding=\"async\" src=\"http:\/\/ridossavunma.com\/wp-content\/uploads\/2023\/08\/military-awareness-system.jpg\" alt=\"askeri-fark\u0131ndal\u0131k-sistemi.jpg\"><\/div><div class=\"chessbox02__description\"><div class=\"section-heading\"><div class=\"description\"><i><\/i>02<\/div><h4 class=\"title\">Fark\u0131ndal\u0131k Sistemi<\/h4><\/div><p>Fark\u0131ndal\u0131k Sistemi (360\u00b0), askeri z\u0131rhl\u0131 kara ara\u00e7lar\u0131 i\u00e7in \u00f6zel olarak tasarlanm\u0131\u015f, araca entegre edilebilen, t\u00fcm \u00e7evreyi izleme imkan\u0131 sa\u011flayan \u00e7ok fonksiyonlu bir g\u00f6zetleme cihaz\u0131d\u0131r. \u00d6n, arka ve ara\u00e7 i\u00e7i 360 derece g\u00f6r\u00fc\u015f alanl\u0131 kameralardan al\u0131nan g\u00f6r\u00fcnt\u00fcleri birle\u015ftirerek kullan\u0131c\u0131n\u0131n g\u00f6r\u00fcn\u00fcrl\u00fc\u011f\u00fcn\u00fc artt\u0131ran bir \u00e7\u00f6z\u00fcmd\u00fcr.<\/p><a class=\"btn-link-icon btn-top btn-color-01\" href=\"https:\/\/ridossavunma.com\/tr\/iletisim\/\"><i class=\"btn__icon\"><svg><use xlink:href=\"#arrow_right\"><\/use><\/svg><\/i><span class=\"btn__text\">KE\u015eFETMEK<\/span><\/a><\/div><\/div><div class=\"chessbox02__item\"><div class=\"chessbox02__img\"><img decoding=\"async\" src=\"https:\/\/ninetheme.com\/themes\/quadron\/wp-content\/uploads\/2019\/11\/chessbox_fluid_img03.png\" alt=\"chessbox_fluid_img03.png\"><\/div><div class=\"chessbox02__description\"><div class=\"section-heading\"><div class=\"description\"><i><\/i>03<\/div><h4 class=\"title\">askeri ara\u00e7 <br>\u0130zolasyon Sistemi<\/h4><\/div><p>Askeri Ara\u00e7 \u0130zolasyon Sistemi (MVIS), askeri ara\u00e7lardaki hassas ekipmanlar\u0131 darbe ve titre\u015fimden izole etmek i\u00e7in kullan\u0131lan bir sistemdir. Bu, ekipman\u0131 hasardan, performans d\u00fc\u015f\u00fc\u015f\u00fcnden ve hatta tamamen ar\u0131zadan korumaya yard\u0131mc\u0131 olur. MVIS sistemleri k\u00f6r\u00fckler, titre\u015fim s\u00f6n\u00fcmleyiciler ve izolasyon takozlar\u0131ndan olu\u015fur. Bu bile\u015fenler, hassas ekipman\u0131n ara\u00e7 \u015fasisine g\u00f6re hareket etmesini \u00f6nlemek ve \u015fok ve titre\u015fimi emmek i\u00e7in birlikte \u00e7al\u0131\u015f\u0131r.<\/p><a class=\"btn-link-icon btn-top\" href=\"https:\/\/ninetheme.com\/themes\/quadron\/contact\"><i class=\"btn__icon\"><svg><use xlink:href=\"#arrow_right\"><\/use><\/svg><\/i><span class=\"btn__text\">KE\u015eFETMEK<\/span><\/a><\/div><\/div><div class=\"chessbox02__item bg-base\"><div class=\"chessbox02__img\" style=\"background-image:url();\"><img decoding=\"async\" src=\"http:\/\/ridossavunma.com\/wp-content\/uploads\/2023\/08\/military-spotlight-system.webp\" alt=\"military-spotlight-system.webp\"><\/div><div class=\"chessbox02__description\"><div class=\"section-heading\"><div class=\"description\"><i><\/i>04<\/div><h4 class=\"title\">Askeri G\u00fcndem<br> sistem<\/h4><\/div><p>Askeri spot \u0131\u015f\u0131k sistemleri, askeri ara\u00e7larda kullan\u0131lan ayarlanabilir \u0131\u015f\u0131k kaynaklar\u0131d\u0131r. Ayd\u0131nlatma, sinyalizasyon, hedefleme veya g\u00f6zetleme i\u00e7in kullan\u0131labilirler. Sistem dikey olarak 180 derece ve yatay olarak 360 derece d\u00f6nd\u00fcr\u00fclebilir. \u0130ki ayd\u0131nlatma modu sunar: beyaz ve k\u0131z\u0131l\u00f6tesi. K\u0131z\u0131l\u00f6tesi mod, insan g\u00f6z\u00fcyle g\u00f6r\u00fclemeyen 940 nm dalga boyunu kullan\u0131r. Bu, spot \u0131\u015f\u0131\u011f\u0131n\u0131n arac\u0131n konumunu vermeden arac\u0131n \u00f6n\u00fcndeki 200 metrelik bir mesafeyi ayd\u0131nlatmas\u0131n\u0131 sa\u011flar.<\/p><a class=\"btn-link-icon btn-top btn-color-01\" href=\"https:\/\/ridossavunma.com\/tr\/iletisim\/\"><i class=\"btn__icon\"><svg><use xlink:href=\"#arrow_right\"><\/use><\/svg><\/i><span class=\"btn__text\">KE\u015eFETMEK<\/span><\/a><\/div><\/div><div class=\"chessbox02__item\"><div class=\"chessbox02__img\" style=\"background-image:url(https:\/\/ninetheme.com\/themes\/quadron\/wp-content\/uploads\/2019\/11\/sectionbg_wrapper-03.jpg);\"><img decoding=\"async\" src=\"http:\/\/ridossavunma.com\/wp-content\/uploads\/2023\/08\/mine-blast-attenuating-seat.jpg\" alt=\"may\u0131n patlamas\u0131n\u0131 azaltan koltuk.jpg\"><\/div><div class=\"chessbox02__description\"><div class=\"section-heading\"><div class=\"description\"><i><\/i>05<\/div><h4 class=\"title\">May\u0131n Patlamas\u0131 <br>Zay\u0131flat\u0131c\u0131 Koltuklar<\/h4><\/div><p>RIDOS Savunma&#039;n\u0131n patlama s\u00f6n\u00fcmlemeli koltu\u011fu, bir may\u0131n patlamas\u0131n\u0131n neden oldu\u011fu \u015fok dalgalar\u0131n\u0131 emerek personeli koruyan bir koltuktur. Koltuk, herhangi bir haz\u0131rl\u0131k veya ayar gerektirmeden farkl\u0131 a\u011f\u0131rl\u0131ktaki personel i\u00e7in e\u015fit koruma sa\u011flar. Bu, koltu\u011fu her t\u00fcrl\u00fc askeri ara\u00e7ta kullan\u0131ma uygun hale getirir.<\/p><p>Patlama azalt\u0131c\u0131 koltuk, \u015fok dalgalar\u0131n\u0131 emen ve personele iletilen ivmeyi azaltan bir enerji emici sistem kullan\u0131r. Bu, yaralanma riskini en aza indirir ve personelin bir may\u0131n\u0131n patlamas\u0131ndan daha az etkilenmesini sa\u011flar.<\/p><p>RIDOS Defence&#039;in patlama azalt\u0131c\u0131 koltu\u011fu, askeri personelin g\u00fcvenli\u011fini art\u0131rmak i\u00e7in tasarlanm\u0131\u015f \u00f6nemli bir ekipman par\u00e7as\u0131d\u0131r.<\/p><a class=\"btn-link-icon btn-top\" href=\"https:\/\/ridossavunma.com\/tr\/iletisim\/\"><i class=\"btn__icon\"><svg><use xlink:href=\"#arrow_right\"><\/use><\/svg><\/i><span class=\"btn__text\">KE\u015eFETMEK<\/span><\/a><\/div><\/div><\/div><\/div>\t\t<\/div>\n\t\t\t\t<\/div>\n\t\t\t\t\t\t<\/div>\n\t\t\t<\/div>\n\t\t<\/div>\n\t\t\t\t\t\t<\/div>\n\t\t\t<\/div>\n\t\t<\/section>\n\t\t\t\t\t\t<\/div>\n\t\t\t<\/div>\n\t\t<\/div>","protected":false},"excerpt":{"rendered":"<p>RIDOS Savunma Subsytem Services 01 Situational Awareness Vision Systems Situational Awareness Vision Systems (SAVS) is a vision system solution for military vehicle platforms that provides 360-degree environmental awareness in all air conditions at day and night. According to user requirements, digital videos taken by the different configurations of thermal camera, day TV camera and NIR&#8230;<\/p>","protected":false},"author":1,"featured_media":0,"parent":0,"menu_order":0,"comment_status":"closed","ping_status":"closed","template":"quadron-elementor-page.php","meta":{"footnotes":""},"class_list":{"0":"post-4341","1":"page","2":"type-page","3":"status-publish","4":"hentry","5":"nt-post-class","6":"","8":"nt-default-format-box","9":"post-box-type-grid"},"yoast_head":"<!-- This site is optimized with the Yoast SEO Premium plugin v20.13 (Yoast SEO v20.13) - https:\/\/yoast.com\/wordpress\/plugins\/seo\/ -->\n<title>Subsytem Services - RIDOS Defence<\/title>\n<meta name=\"robots\" content=\"index, follow, max-snippet:-1, max-image-preview:large, max-video-preview:-1\" \/>\n<link rel=\"canonical\" href=\"https:\/\/ridossavunma.com\/tr\/alt-sistem-hizmetleri\/\" \/>\n<meta property=\"og:locale\" content=\"tr_TR\" \/>\n<meta property=\"og:type\" content=\"article\" \/>\n<meta property=\"og:title\" content=\"Subsytem Services\" \/>\n<meta property=\"og:description\" content=\"RIDOS Savunma Subsytem Services 01 Situational Awareness Vision Systems Situational Awareness Vision Systems (SAVS) is a vision system solution for military vehicle platforms that provides 360-degree environmental awareness in all air conditions at day and night. According to user requirements, digital videos taken by the different configurations of thermal camera, day TV camera and NIR...\" \/>\n<meta property=\"og:url\" content=\"https:\/\/ridossavunma.com\/tr\/alt-sistem-hizmetleri\/\" \/>\n<meta property=\"og:site_name\" content=\"RIDOS Defence\" \/>\n<meta property=\"article:publisher\" content=\"https:\/\/facebook.com\/ridossavunma\" \/>\n<meta property=\"article:modified_time\" content=\"2023-08-09T08:17:40+00:00\" \/>\n<meta property=\"og:image\" content=\"http:\/\/ridossavunma.com\/wp-content\/uploads\/2023\/08\/situational-awareness-vision-systems.png\" \/>\n<meta name=\"twitter:card\" content=\"summary_large_image\" \/>\n<meta name=\"twitter:site\" content=\"@ridossavunma\" \/>\n<meta name=\"twitter:label1\" content=\"Tahmini okuma s\u00fcresi\" \/>\n\t<meta name=\"twitter:data1\" content=\"2 dakika\" \/>\n<script type=\"application\/ld+json\" class=\"yoast-schema-graph\">{\"@context\":\"https:\/\/schema.org\",\"@graph\":[{\"@type\":\"WebPage\",\"@id\":\"https:\/\/ridossavunma.com\/subsytem-services\/\",\"url\":\"https:\/\/ridossavunma.com\/subsytem-services\/\",\"name\":\"Subsytem Services - RIDOS Defence\",\"isPartOf\":{\"@id\":\"https:\/\/ridossavunma.com\/#website\"},\"datePublished\":\"2023-08-09T08:14:43+00:00\",\"dateModified\":\"2023-08-09T08:17:40+00:00\",\"breadcrumb\":{\"@id\":\"https:\/\/ridossavunma.com\/subsytem-services\/#breadcrumb\"},\"inLanguage\":\"tr\",\"potentialAction\":[{\"@type\":\"ReadAction\",\"target\":[\"https:\/\/ridossavunma.com\/subsytem-services\/\"]}]},{\"@type\":\"BreadcrumbList\",\"@id\":\"https:\/\/ridossavunma.com\/subsytem-services\/#breadcrumb\",\"itemListElement\":[{\"@type\":\"ListItem\",\"position\":1,\"name\":\"Home\",\"item\":\"https:\/\/ridossavunma.com\/\"},{\"@type\":\"ListItem\",\"position\":2,\"name\":\"Subsytem Services\"}]},{\"@type\":\"WebSite\",\"@id\":\"https:\/\/ridossavunma.com\/#website\",\"url\":\"https:\/\/ridossavunma.com\/\",\"name\":\"RIDOS Defence\",\"description\":\"\",\"publisher\":{\"@id\":\"https:\/\/ridossavunma.com\/#organization\"},\"potentialAction\":[{\"@type\":\"SearchAction\",\"target\":{\"@type\":\"EntryPoint\",\"urlTemplate\":\"https:\/\/ridossavunma.com\/?s={search_term_string}\"},\"query-input\":\"required name=search_term_string\"}],\"inLanguage\":\"tr\"},{\"@type\":\"Organization\",\"@id\":\"https:\/\/ridossavunma.com\/#organization\",\"name\":\"RIDOS Defence\",\"url\":\"https:\/\/ridossavunma.com\/\",\"logo\":{\"@type\":\"ImageObject\",\"inLanguage\":\"tr\",\"@id\":\"https:\/\/ridossavunma.com\/#\/schema\/logo\/image\/\",\"url\":\"http:\/\/ridossavunma.com\/wp-content\/uploads\/2023\/08\/ridos-defence.png\",\"contentUrl\":\"http:\/\/ridossavunma.com\/wp-content\/uploads\/2023\/08\/ridos-defence.png\",\"width\":6955,\"height\":6632,\"caption\":\"RIDOS Defence\"},\"image\":{\"@id\":\"https:\/\/ridossavunma.com\/#\/schema\/logo\/image\/\"},\"sameAs\":[\"https:\/\/facebook.com\/ridossavunma\",\"https:\/\/twitter.com\/ridossavunma\",\"https:\/\/instagram.com\/ridossavunma\"]}]}<\/script>\n<!-- \/ Yoast SEO Premium plugin. -->","yoast_head_json":{"title":"Subsytem Services - RIDOS Defence","robots":{"index":"index","follow":"follow","max-snippet":"max-snippet:-1","max-image-preview":"max-image-preview:large","max-video-preview":"max-video-preview:-1"},"canonical":"https:\/\/ridossavunma.com\/tr\/alt-sistem-hizmetleri\/","og_locale":"tr_TR","og_type":"article","og_title":"Subsytem Services","og_description":"RIDOS Savunma Subsytem Services 01 Situational Awareness Vision Systems Situational Awareness Vision Systems (SAVS) is a vision system solution for military vehicle platforms that provides 360-degree environmental awareness in all air conditions at day and night. According to user requirements, digital videos taken by the different configurations of thermal camera, day TV camera and NIR...","og_url":"https:\/\/ridossavunma.com\/tr\/alt-sistem-hizmetleri\/","og_site_name":"RIDOS Defence","article_publisher":"https:\/\/facebook.com\/ridossavunma","article_modified_time":"2023-08-09T08:17:40+00:00","og_image":[{"url":"http:\/\/ridossavunma.com\/wp-content\/uploads\/2023\/08\/situational-awareness-vision-systems.png"}],"twitter_card":"summary_large_image","twitter_site":"@ridossavunma","twitter_misc":{"Tahmini okuma s\u00fcresi":"2 dakika"},"schema":{"@context":"https:\/\/schema.org","@graph":[{"@type":"WebPage","@id":"https:\/\/ridossavunma.com\/subsytem-services\/","url":"https:\/\/ridossavunma.com\/subsytem-services\/","name":"Subsytem Services - RIDOS Defence","isPartOf":{"@id":"https:\/\/ridossavunma.com\/#website"},"datePublished":"2023-08-09T08:14:43+00:00","dateModified":"2023-08-09T08:17:40+00:00","breadcrumb":{"@id":"https:\/\/ridossavunma.com\/subsytem-services\/#breadcrumb"},"inLanguage":"tr","potentialAction":[{"@type":"ReadAction","target":["https:\/\/ridossavunma.com\/subsytem-services\/"]}]},{"@type":"BreadcrumbList","@id":"https:\/\/ridossavunma.com\/subsytem-services\/#breadcrumb","itemListElement":[{"@type":"ListItem","position":1,"name":"Home","item":"https:\/\/ridossavunma.com\/"},{"@type":"ListItem","position":2,"name":"Subsytem Services"}]},{"@type":"WebSite","@id":"https:\/\/ridossavunma.com\/#website","url":"https:\/\/ridossavunma.com\/","name":"RIDOS Defence","description":"","publisher":{"@id":"https:\/\/ridossavunma.com\/#organization"},"potentialAction":[{"@type":"SearchAction","target":{"@type":"EntryPoint","urlTemplate":"https:\/\/ridossavunma.com\/?s={search_term_string}"},"query-input":"required name=search_term_string"}],"inLanguage":"tr"},{"@type":"Organization","@id":"https:\/\/ridossavunma.com\/#organization","name":"RIDOS Defence","url":"https:\/\/ridossavunma.com\/","logo":{"@type":"ImageObject","inLanguage":"tr","@id":"https:\/\/ridossavunma.com\/#\/schema\/logo\/image\/","url":"http:\/\/ridossavunma.com\/wp-content\/uploads\/2023\/08\/ridos-defence.png","contentUrl":"http:\/\/ridossavunma.com\/wp-content\/uploads\/2023\/08\/ridos-defence.png","width":6955,"height":6632,"caption":"RIDOS Defence"},"image":{"@id":"https:\/\/ridossavunma.com\/#\/schema\/logo\/image\/"},"sameAs":["https:\/\/facebook.com\/ridossavunma","https:\/\/twitter.com\/ridossavunma","https:\/\/instagram.com\/ridossavunma"]}]}},"_links":{"self":[{"href":"https:\/\/ridossavunma.com\/tr\/wp-json\/wp\/v2\/pages\/4341"}],"collection":[{"href":"https:\/\/ridossavunma.com\/tr\/wp-json\/wp\/v2\/pages"}],"about":[{"href":"https:\/\/ridossavunma.com\/tr\/wp-json\/wp\/v2\/types\/page"}],"author":[{"embeddable":true,"href":"https:\/\/ridossavunma.com\/tr\/wp-json\/wp\/v2\/users\/1"}],"replies":[{"embeddable":true,"href":"https:\/\/ridossavunma.com\/tr\/wp-json\/wp\/v2\/comments?post=4341"}],"version-history":[{"count":2,"href":"https:\/\/ridossavunma.com\/tr\/wp-json\/wp\/v2\/pages\/4341\/revisions"}],"predecessor-version":[{"id":4353,"href":"https:\/\/ridossavunma.com\/tr\/wp-json\/wp\/v2\/pages\/4341\/revisions\/4353"}],"wp:attachment":[{"href":"https:\/\/ridossavunma.com\/tr\/wp-json\/wp\/v2\/media?parent=4341"}],"curies":[{"name":"wp","href":"https:\/\/api.w.org\/{rel}","templated":true}]}}