{"id":4354,"date":"2023-08-09T08:34:04","date_gmt":"2023-08-09T08:34:04","guid":{"rendered":"http:\/\/ridossavunma.com\/?page_id=4354"},"modified":"2023-08-09T08:36:25","modified_gmt":"2023-08-09T08:36:25","slug":"vehicle-engineering-services","status":"publish","type":"page","link":"https:\/\/ridossavunma.com\/tr\/arac-muhendislik-hizmetleri\/","title":{"rendered":"Ara\u00e7 M\u00fchendislik Hizmetleri"},"content":{"rendered":"<div data-elementor-type=\"wp-page\" data-elementor-id=\"4354\" class=\"elementor elementor-4354\" data-elementor-settings=\"[]\">\n\t\t\t<div class=\"elementor-inner\">\n\t\t\t\t<div class=\"elementor-section-wrap\">\n\t\t\t\t\t\t\t<header class=\"elementor-element elementor-element-e2a2757 elementor-section-stretched elementor-section-full_width elementor-section-height-default elementor-section-height-default section__indent-def section__outdent-def elementor-section elementor-top-section\" data-id=\"e2a2757\" data-element_type=\"section\" data-settings=\"{&quot;stretch_section&quot;:&quot;section-stretched&quot;}\">\n\t\t\t\t\t\t<div class=\"elementor-container elementor-column-gap-no\">\n\t\t\t\t<div class=\"elementor-row\">\n\t\t\t\t<div class=\"elementor-element elementor-element-7f95f49 elementor-column elementor-col-100 elementor-top-column\" data-id=\"7f95f49\" data-element_type=\"column\">\n\t\t\t<div class=\"elementor-column-wrap  elementor-element-populated\">\n\t\t\t\t\t<div class=\"elementor-widget-wrap\">\n\t\t\t\t<div class=\"elementor-element elementor-element-60ebe9f elementor-widget elementor-widget-quadron-page-hero-section\" data-id=\"60ebe9f\" data-element_type=\"widget\" data-widget_type=\"quadron-page-hero-section.default\">\n\t\t\t\t<div class=\"elementor-widget-container\">\n\t\t\t<div class=\"section--no-padding section\"><div class=\"subpage-header\"><div class=\"subpage-header__bg\"><div class=\"container\"><div class=\"subpage-header__block\"><div class=\"subpage-header__caption\">RIDOS Savunma<\/div><h1 class=\"subpage-header__title\">Ara\u00e7 M\u00fchendislik Hizmetleri<\/h1><div class=\"subpage-header__line\"><\/div><\/div><\/div><\/div><\/div><\/div>\t\t<\/div>\n\t\t\t\t<\/div>\n\t\t\t\t\t\t<\/div>\n\t\t\t<\/div>\n\t\t<\/div>\n\t\t\t\t\t\t<\/div>\n\t\t\t<\/div>\n\t\t<\/header>\n\t\t\t\t<section class=\"elementor-element elementor-element-59082f3 elementor-section-stretched elementor-section-full_width elementor-section-height-default elementor-section-height-default section__indent-def section__outdent-def elementor-section elementor-top-section\" data-id=\"59082f3\" data-element_type=\"section\" data-settings=\"{&quot;stretch_section&quot;:&quot;section-stretched&quot;}\">\n\t\t\t\t\t\t<div class=\"elementor-container elementor-column-gap-no\">\n\t\t\t\t<div class=\"elementor-row\">\n\t\t\t\t<div class=\"elementor-element elementor-element-0006a39 elementor-column elementor-col-100 elementor-top-column\" data-id=\"0006a39\" data-element_type=\"column\">\n\t\t\t<div class=\"elementor-column-wrap  elementor-element-populated\">\n\t\t\t\t\t<div class=\"elementor-widget-wrap\">\n\t\t\t\t<div class=\"elementor-element elementor-element-13a4d29 elementor-widget elementor-widget-quadron-services-seven-section\" data-id=\"13a4d29\" data-element_type=\"widget\" data-widget_type=\"quadron-services-seven-section.default\">\n\t\t\t\t<div class=\"elementor-widget-container\">\n\t\t\t<div class=\"section--no-padding section\"><div class=\"chessbox02\"><div class=\"chessbox02__item chessbox02__item-top\"><div class=\"chessbox02__img\" style=\"background-image:url(https:\/\/ninetheme.com\/themes\/quadron\/wp-content\/uploads\/2019\/11\/sectionbg_wrapper-03.jpg);\"><img decoding=\"async\" src=\"http:\/\/ridossavunma.com\/wp-content\/uploads\/2023\/08\/vehicle-engineering-services.jpeg\" alt=\"ara\u00e7-m\u00fchendislik-hizmetleri.jpeg\"><\/div><div class=\"chessbox02__description\"><div class=\"section-heading\"><div class=\"description\"><i><\/i>01<\/div><h4 class=\"title\">Ara\u00e7 M\u00fchendisli\u011fi<br>Hizmetler<\/h4><\/div><p>RIDOS Savunma, z\u0131rhl\u0131 tekerlekli ara\u00e7 geli\u015ftirme a\u015famas\u0131nda g\u00fc\u00e7l\u00fc bir kadroya sahiptir. Ridos savunma, m\u00fc\u015fterilerinin ihtiya\u00e7 duydu\u011fu 4x4, 8x8, 6x6 askeri ara\u00e7 \u00fcst\u00fc platformlarda;<\/p><ul><li>Z\u0131rh \u00e7eli\u011fi tasar\u0131m\u0131 ve hesab\u0131,<\/li><li>\u015easi tasar\u0131m\u0131 ve \u00fcretimi,<\/li><li>Alt sistem se\u00e7imi ve tasar\u0131m\u0131,<\/li><li>Teknik \u015fartnamelerin olu\u015fturulmas\u0131,<\/li><li>G\u00fc\u00e7 kayna\u011f\u0131 se\u00e7imi ve tasar\u0131m\u0131,<\/li><li>ara\u00e7 i\u00e7i yerle\u015fim<\/li><li>Anahtar teslim tasar\u0131m paketleri konusunda m\u00fchendislik dan\u0131\u015fmanl\u0131\u011f\u0131 hizmeti vermektedir.<\/li><\/ul><p>Ekibinde minimum 15 y\u0131l FNSS, BMC ve Nurol Makina firmalar\u0131nda \u00e7al\u0131\u015fm\u0131\u015f deneyimli m\u00fchendisler bulunmaktad\u0131r.<\/p><a class=\"btn-link-icon btn-top\" href=\"https:\/\/ninetheme.com\/themes\/quadron\/contact\"><i class=\"btn__icon\"><svg><use xlink:href=\"#arrow_right\"><\/use><\/svg><\/i><span class=\"btn__text\">KE\u015eFETMEK<\/span><\/a><\/div><\/div><\/div><\/div>\t\t<\/div>\n\t\t\t\t<\/div>\n\t\t\t\t\t\t<\/div>\n\t\t\t<\/div>\n\t\t<\/div>\n\t\t\t\t\t\t<\/div>\n\t\t\t<\/div>\n\t\t<\/section>\n\t\t\t\t\t\t<\/div>\n\t\t\t<\/div>\n\t\t<\/div>","protected":false},"excerpt":{"rendered":"<p>RIDOS Savunma Vehicle Engineering Services 01 Vehicle EngineeringServices RIDOS Defense has a strong staff in the development phase of armored wheeled vehicle development. Ridos defense on 4&#215;4, 8&#215;8, 6&#215;6 military truck-mounted platforms required by its customers; Armor steel design and calculation, Chassis design and production, Subsystem selection and design, Creating technical specifications, Power pack selection&#8230;<\/p>","protected":false},"author":1,"featured_media":0,"parent":0,"menu_order":0,"comment_status":"closed","ping_status":"closed","template":"quadron-elementor-page.php","meta":{"footnotes":""},"class_list":{"0":"post-4354","1":"page","2":"type-page","3":"status-publish","4":"hentry","5":"nt-post-class","6":"","8":"nt-default-format-box","9":"post-box-type-grid"},"yoast_head":"<!-- This site is optimized with the Yoast SEO Premium plugin v20.13 (Yoast SEO v20.13) - https:\/\/yoast.com\/wordpress\/plugins\/seo\/ -->\n<title>Vehicle Engineering Services - RIDOS Defence<\/title>\n<meta name=\"robots\" content=\"index, follow, max-snippet:-1, max-image-preview:large, max-video-preview:-1\" \/>\n<link rel=\"canonical\" href=\"https:\/\/ridossavunma.com\/tr\/arac-muhendislik-hizmetleri\/\" \/>\n<meta property=\"og:locale\" content=\"tr_TR\" \/>\n<meta property=\"og:type\" content=\"article\" \/>\n<meta property=\"og:title\" content=\"Vehicle Engineering Services\" \/>\n<meta property=\"og:description\" content=\"RIDOS Savunma Vehicle Engineering Services 01 Vehicle EngineeringServices RIDOS Defense has a strong staff in the development phase of armored wheeled vehicle development. Ridos defense on 4&#215;4, 8&#215;8, 6&#215;6 military truck-mounted platforms required by its customers; Armor steel design and calculation, Chassis design and production, Subsystem selection and design, Creating technical specifications, Power pack selection...\" \/>\n<meta property=\"og:url\" content=\"https:\/\/ridossavunma.com\/tr\/arac-muhendislik-hizmetleri\/\" \/>\n<meta property=\"og:site_name\" content=\"RIDOS Defence\" \/>\n<meta property=\"article:publisher\" content=\"https:\/\/facebook.com\/ridossavunma\" \/>\n<meta property=\"article:modified_time\" content=\"2023-08-09T08:36:25+00:00\" \/>\n<meta property=\"og:image\" content=\"http:\/\/ridossavunma.com\/wp-content\/uploads\/2023\/08\/vehicle-engineering-services.jpeg\" \/>\n<meta name=\"twitter:card\" content=\"summary_large_image\" \/>\n<meta name=\"twitter:site\" content=\"@ridossavunma\" \/>\n<script type=\"application\/ld+json\" class=\"yoast-schema-graph\">{\"@context\":\"https:\/\/schema.org\",\"@graph\":[{\"@type\":\"WebPage\",\"@id\":\"https:\/\/ridossavunma.com\/vehicle-engineering-services\/\",\"url\":\"https:\/\/ridossavunma.com\/vehicle-engineering-services\/\",\"name\":\"Vehicle Engineering Services - RIDOS Defence\",\"isPartOf\":{\"@id\":\"https:\/\/ridossavunma.com\/#website\"},\"datePublished\":\"2023-08-09T08:34:04+00:00\",\"dateModified\":\"2023-08-09T08:36:25+00:00\",\"breadcrumb\":{\"@id\":\"https:\/\/ridossavunma.com\/vehicle-engineering-services\/#breadcrumb\"},\"inLanguage\":\"tr\",\"potentialAction\":[{\"@type\":\"ReadAction\",\"target\":[\"https:\/\/ridossavunma.com\/vehicle-engineering-services\/\"]}]},{\"@type\":\"BreadcrumbList\",\"@id\":\"https:\/\/ridossavunma.com\/vehicle-engineering-services\/#breadcrumb\",\"itemListElement\":[{\"@type\":\"ListItem\",\"position\":1,\"name\":\"Home\",\"item\":\"https:\/\/ridossavunma.com\/\"},{\"@type\":\"ListItem\",\"position\":2,\"name\":\"Vehicle Engineering Services\"}]},{\"@type\":\"WebSite\",\"@id\":\"https:\/\/ridossavunma.com\/#website\",\"url\":\"https:\/\/ridossavunma.com\/\",\"name\":\"RIDOS Defence\",\"description\":\"\",\"publisher\":{\"@id\":\"https:\/\/ridossavunma.com\/#organization\"},\"potentialAction\":[{\"@type\":\"SearchAction\",\"target\":{\"@type\":\"EntryPoint\",\"urlTemplate\":\"https:\/\/ridossavunma.com\/?s={search_term_string}\"},\"query-input\":\"required name=search_term_string\"}],\"inLanguage\":\"tr\"},{\"@type\":\"Organization\",\"@id\":\"https:\/\/ridossavunma.com\/#organization\",\"name\":\"RIDOS Defence\",\"url\":\"https:\/\/ridossavunma.com\/\",\"logo\":{\"@type\":\"ImageObject\",\"inLanguage\":\"tr\",\"@id\":\"https:\/\/ridossavunma.com\/#\/schema\/logo\/image\/\",\"url\":\"http:\/\/ridossavunma.com\/wp-content\/uploads\/2023\/08\/ridos-defence.png\",\"contentUrl\":\"http:\/\/ridossavunma.com\/wp-content\/uploads\/2023\/08\/ridos-defence.png\",\"width\":6955,\"height\":6632,\"caption\":\"RIDOS Defence\"},\"image\":{\"@id\":\"https:\/\/ridossavunma.com\/#\/schema\/logo\/image\/\"},\"sameAs\":[\"https:\/\/facebook.com\/ridossavunma\",\"https:\/\/twitter.com\/ridossavunma\",\"https:\/\/instagram.com\/ridossavunma\"]}]}<\/script>\n<!-- \/ Yoast SEO Premium plugin. -->","yoast_head_json":{"title":"Vehicle Engineering Services - RIDOS Defence","robots":{"index":"index","follow":"follow","max-snippet":"max-snippet:-1","max-image-preview":"max-image-preview:large","max-video-preview":"max-video-preview:-1"},"canonical":"https:\/\/ridossavunma.com\/tr\/arac-muhendislik-hizmetleri\/","og_locale":"tr_TR","og_type":"article","og_title":"Vehicle Engineering Services","og_description":"RIDOS Savunma Vehicle Engineering Services 01 Vehicle EngineeringServices RIDOS Defense has a strong staff in the development phase of armored wheeled vehicle development. Ridos defense on 4&#215;4, 8&#215;8, 6&#215;6 military truck-mounted platforms required by its customers; Armor steel design and calculation, Chassis design and production, Subsystem selection and design, Creating technical specifications, Power pack selection...","og_url":"https:\/\/ridossavunma.com\/tr\/arac-muhendislik-hizmetleri\/","og_site_name":"RIDOS Defence","article_publisher":"https:\/\/facebook.com\/ridossavunma","article_modified_time":"2023-08-09T08:36:25+00:00","og_image":[{"url":"http:\/\/ridossavunma.com\/wp-content\/uploads\/2023\/08\/vehicle-engineering-services.jpeg"}],"twitter_card":"summary_large_image","twitter_site":"@ridossavunma","schema":{"@context":"https:\/\/schema.org","@graph":[{"@type":"WebPage","@id":"https:\/\/ridossavunma.com\/vehicle-engineering-services\/","url":"https:\/\/ridossavunma.com\/vehicle-engineering-services\/","name":"Vehicle Engineering Services - RIDOS Defence","isPartOf":{"@id":"https:\/\/ridossavunma.com\/#website"},"datePublished":"2023-08-09T08:34:04+00:00","dateModified":"2023-08-09T08:36:25+00:00","breadcrumb":{"@id":"https:\/\/ridossavunma.com\/vehicle-engineering-services\/#breadcrumb"},"inLanguage":"tr","potentialAction":[{"@type":"ReadAction","target":["https:\/\/ridossavunma.com\/vehicle-engineering-services\/"]}]},{"@type":"BreadcrumbList","@id":"https:\/\/ridossavunma.com\/vehicle-engineering-services\/#breadcrumb","itemListElement":[{"@type":"ListItem","position":1,"name":"Home","item":"https:\/\/ridossavunma.com\/"},{"@type":"ListItem","position":2,"name":"Vehicle Engineering Services"}]},{"@type":"WebSite","@id":"https:\/\/ridossavunma.com\/#website","url":"https:\/\/ridossavunma.com\/","name":"RIDOS Defence","description":"","publisher":{"@id":"https:\/\/ridossavunma.com\/#organization"},"potentialAction":[{"@type":"SearchAction","target":{"@type":"EntryPoint","urlTemplate":"https:\/\/ridossavunma.com\/?s={search_term_string}"},"query-input":"required name=search_term_string"}],"inLanguage":"tr"},{"@type":"Organization","@id":"https:\/\/ridossavunma.com\/#organization","name":"RIDOS Defence","url":"https:\/\/ridossavunma.com\/","logo":{"@type":"ImageObject","inLanguage":"tr","@id":"https:\/\/ridossavunma.com\/#\/schema\/logo\/image\/","url":"http:\/\/ridossavunma.com\/wp-content\/uploads\/2023\/08\/ridos-defence.png","contentUrl":"http:\/\/ridossavunma.com\/wp-content\/uploads\/2023\/08\/ridos-defence.png","width":6955,"height":6632,"caption":"RIDOS Defence"},"image":{"@id":"https:\/\/ridossavunma.com\/#\/schema\/logo\/image\/"},"sameAs":["https:\/\/facebook.com\/ridossavunma","https:\/\/twitter.com\/ridossavunma","https:\/\/instagram.com\/ridossavunma"]}]}},"_links":{"self":[{"href":"https:\/\/ridossavunma.com\/tr\/wp-json\/wp\/v2\/pages\/4354"}],"collection":[{"href":"https:\/\/ridossavunma.com\/tr\/wp-json\/wp\/v2\/pages"}],"about":[{"href":"https:\/\/ridossavunma.com\/tr\/wp-json\/wp\/v2\/types\/page"}],"author":[{"embeddable":true,"href":"https:\/\/ridossavunma.com\/tr\/wp-json\/wp\/v2\/users\/1"}],"replies":[{"embeddable":true,"href":"https:\/\/ridossavunma.com\/tr\/wp-json\/wp\/v2\/comments?post=4354"}],"version-history":[{"count":3,"href":"https:\/\/ridossavunma.com\/tr\/wp-json\/wp\/v2\/pages\/4354\/revisions"}],"predecessor-version":[{"id":4358,"href":"https:\/\/ridossavunma.com\/tr\/wp-json\/wp\/v2\/pages\/4354\/revisions\/4358"}],"wp:attachment":[{"href":"https:\/\/ridossavunma.com\/tr\/wp-json\/wp\/v2\/media?parent=4354"}],"curies":[{"name":"wp","href":"https:\/\/api.w.org\/{rel}","templated":true}]}}