{"id":695,"date":"2019-11-28T22:32:12","date_gmt":"2019-11-28T22:32:12","guid":{"rendered":"https:\/\/ninetheme.com\/themes\/quadron\/?page_id=695"},"modified":"2023-08-09T07:26:37","modified_gmt":"2023-08-09T07:26:37","slug":"modernization-capabilities","status":"publish","type":"page","link":"https:\/\/ridossavunma.com\/tr\/modernizasyon-yetenekleri\/","title":{"rendered":"Modernizasyon Yetenekleri"},"content":{"rendered":"<div data-elementor-type=\"wp-page\" data-elementor-id=\"695\" class=\"elementor elementor-695\" data-elementor-settings=\"[]\">\n\t\t\t<div class=\"elementor-inner\">\n\t\t\t\t<div class=\"elementor-section-wrap\">\n\t\t\t\t\t\t\t<header class=\"elementor-element elementor-element-e2a2757 elementor-section-stretched elementor-section-full_width elementor-section-height-default elementor-section-height-default section__indent-def section__outdent-def elementor-section elementor-top-section\" data-id=\"e2a2757\" data-element_type=\"section\" data-settings=\"{&quot;stretch_section&quot;:&quot;section-stretched&quot;}\">\n\t\t\t\t\t\t<div class=\"elementor-container elementor-column-gap-no\">\n\t\t\t\t<div class=\"elementor-row\">\n\t\t\t\t<div class=\"elementor-element elementor-element-7f95f49 elementor-column elementor-col-100 elementor-top-column\" data-id=\"7f95f49\" data-element_type=\"column\">\n\t\t\t<div class=\"elementor-column-wrap  elementor-element-populated\">\n\t\t\t\t\t<div class=\"elementor-widget-wrap\">\n\t\t\t\t<div class=\"elementor-element elementor-element-60ebe9f elementor-widget elementor-widget-quadron-page-hero-section\" data-id=\"60ebe9f\" data-element_type=\"widget\" data-widget_type=\"quadron-page-hero-section.default\">\n\t\t\t\t<div class=\"elementor-widget-container\">\n\t\t\t<div class=\"section--no-padding section\"><div class=\"subpage-header\"><div class=\"subpage-header__bg\"><div class=\"container\"><div class=\"subpage-header__block\"><div class=\"subpage-header__caption\">RIDOS Savunma<\/div><h1 class=\"subpage-header__title\">Modernizasyon Yetenekleri<\/h1><div class=\"subpage-header__line\"><\/div><\/div><\/div><\/div><\/div><\/div>\t\t<\/div>\n\t\t\t\t<\/div>\n\t\t\t\t\t\t<\/div>\n\t\t\t<\/div>\n\t\t<\/div>\n\t\t\t\t\t\t<\/div>\n\t\t\t<\/div>\n\t\t<\/header>\n\t\t\t\t<section class=\"elementor-element elementor-element-59082f3 elementor-section-stretched elementor-section-full_width elementor-section-height-default elementor-section-height-default section__indent-def section__outdent-def elementor-section elementor-top-section\" data-id=\"59082f3\" data-element_type=\"section\" data-settings=\"{&quot;stretch_section&quot;:&quot;section-stretched&quot;}\">\n\t\t\t\t\t\t<div class=\"elementor-container elementor-column-gap-no\">\n\t\t\t\t<div class=\"elementor-row\">\n\t\t\t\t<div class=\"elementor-element elementor-element-0006a39 elementor-column elementor-col-100 elementor-top-column\" data-id=\"0006a39\" data-element_type=\"column\">\n\t\t\t<div class=\"elementor-column-wrap  elementor-element-populated\">\n\t\t\t\t\t<div class=\"elementor-widget-wrap\">\n\t\t\t\t<div class=\"elementor-element elementor-element-13a4d29 elementor-widget elementor-widget-quadron-services-seven-section\" data-id=\"13a4d29\" data-element_type=\"widget\" data-widget_type=\"quadron-services-seven-section.default\">\n\t\t\t\t<div class=\"elementor-widget-container\">\n\t\t\t<div class=\"section--no-padding section\"><div class=\"chessbox02\"><div class=\"chessbox02__item chessbox02__item-top\"><div class=\"chessbox02__img\" style=\"background-image:url(https:\/\/ninetheme.com\/themes\/quadron\/wp-content\/uploads\/2019\/11\/sectionbg_wrapper-03.jpg);\"><img decoding=\"async\" src=\"http:\/\/ridossavunma.com\/wp-content\/uploads\/2023\/08\/ridos-defence-modernization-capabilities.jpg\" alt=\"ridos-defence-modernization-capabilities.jpg\"><\/div><div class=\"chessbox02__description\"><div class=\"section-heading\"><div class=\"description\"><i><\/i>01<\/div><h4 class=\"title\">Modernizasyon<br>Yetenekler<\/h4><\/div><p>Savunma Sanayinde teknoloji her ge\u00e7en y\u0131l geli\u015fmektedir. Teknolojide, savunan ve sald\u0131ran birimler hakimiyet m\u00fccadelesi veriyor. Bu nedenle her ordu kendi askerlerinin kulland\u0131\u011f\u0131 sistemleri en g\u00fcncel sald\u0131r\u0131 ve savunma teknolojisine g\u00f6re tasarlamaya ve g\u00fcncellemeye \u00e7al\u0131\u015fmaktad\u0131r. Bu nedenle modernizasyon projeleri var.<\/p><p>Ridos Savunma, modernizasyon projelerinde kendisine ve ortaklar\u0131na ait teknolojik alt sistemler ve sistemler ile anahtar teslim modernizasyon projelerinde destek vermektedir.<\/p><a class=\"btn-link-icon btn-top\" href=\"https:\/\/ridossavunma.com\/tr\/iletisim\/\"><i class=\"btn__icon\"><svg><use xlink:href=\"#arrow_right\"><\/use><\/svg><\/i><span class=\"btn__text\">KE\u015eFETMEK<\/span><\/a><\/div><\/div><\/div><\/div>\t\t<\/div>\n\t\t\t\t<\/div>\n\t\t\t\t\t\t<\/div>\n\t\t\t<\/div>\n\t\t<\/div>\n\t\t\t\t\t\t<\/div>\n\t\t\t<\/div>\n\t\t<\/section>\n\t\t\t\t\t\t<\/div>\n\t\t\t<\/div>\n\t\t<\/div>","protected":false},"excerpt":{"rendered":"<p>RIDOS Savunma Modernizasyon Kabiliyetleri 01 Modernizasyon Kabiliyetleri Savunma Sanayinde teknoloji her y\u0131l geli\u015fmektedir. Teknolojide, savunan ve sald\u0131ran birimler hakimiyet m\u00fccadelesi veriyor. Bu nedenle her ordu kendi askerlerinin kulland\u0131\u011f\u0131 sistemleri en g\u00fcncel sald\u0131r\u0131 ve savunma teknolojisine g\u00f6re tasarlamaya ve g\u00fcncellemeye \u00e7al\u0131\u015fmaktad\u0131r. Bu nedenle, orada\u2026<\/p>","protected":false},"author":1,"featured_media":0,"parent":0,"menu_order":0,"comment_status":"closed","ping_status":"closed","template":"quadron-elementor-page.php","meta":{"footnotes":""},"class_list":{"0":"post-695","1":"page","2":"type-page","3":"status-publish","4":"hentry","5":"nt-post-class","6":"","8":"nt-default-format-box","9":"post-box-type-grid"},"yoast_head":"<!-- This site is optimized with the Yoast SEO Premium plugin v20.13 (Yoast SEO v20.13) - https:\/\/yoast.com\/wordpress\/plugins\/seo\/ -->\n<title>Modernization Capabilities - RIDOS Defence<\/title>\n<meta name=\"robots\" content=\"index, follow, max-snippet:-1, max-image-preview:large, max-video-preview:-1\" \/>\n<link rel=\"canonical\" href=\"https:\/\/ridossavunma.com\/tr\/modernizasyon-yetenekleri\/\" \/>\n<meta property=\"og:locale\" content=\"tr_TR\" \/>\n<meta property=\"og:type\" content=\"article\" \/>\n<meta property=\"og:title\" content=\"Modernization Capabilities\" \/>\n<meta property=\"og:description\" content=\"RIDOS Savunma Modernization Capabilities 01 ModernizationCapabilities Technology is developing every year in the Defense Industry. In technology, units that defend and attack have a struggle for dominance. For this reason, each army tries to design and update the systems used by its own soldiers according to the most up-to-date attack and defense technology. Therefore, there...\" \/>\n<meta property=\"og:url\" content=\"https:\/\/ridossavunma.com\/tr\/modernizasyon-yetenekleri\/\" \/>\n<meta property=\"og:site_name\" content=\"RIDOS Defence\" \/>\n<meta property=\"article:publisher\" content=\"https:\/\/facebook.com\/ridossavunma\" \/>\n<meta property=\"article:modified_time\" content=\"2023-08-09T07:26:37+00:00\" \/>\n<meta property=\"og:image\" content=\"http:\/\/ridossavunma.com\/wp-content\/uploads\/2023\/08\/ridos-defence-modernization-capabilities.jpg\" \/>\n<meta name=\"twitter:card\" content=\"summary_large_image\" \/>\n<meta name=\"twitter:site\" content=\"@ridossavunma\" \/>\n<script type=\"application\/ld+json\" class=\"yoast-schema-graph\">{\"@context\":\"https:\/\/schema.org\",\"@graph\":[{\"@type\":\"WebPage\",\"@id\":\"https:\/\/ridossavunma.com\/modernization-capabilities\/\",\"url\":\"https:\/\/ridossavunma.com\/modernization-capabilities\/\",\"name\":\"Modernization Capabilities - RIDOS Defence\",\"isPartOf\":{\"@id\":\"https:\/\/ridossavunma.com\/#website\"},\"datePublished\":\"2019-11-28T22:32:12+00:00\",\"dateModified\":\"2023-08-09T07:26:37+00:00\",\"breadcrumb\":{\"@id\":\"https:\/\/ridossavunma.com\/modernization-capabilities\/#breadcrumb\"},\"inLanguage\":\"tr\",\"potentialAction\":[{\"@type\":\"ReadAction\",\"target\":[\"https:\/\/ridossavunma.com\/modernization-capabilities\/\"]}]},{\"@type\":\"BreadcrumbList\",\"@id\":\"https:\/\/ridossavunma.com\/modernization-capabilities\/#breadcrumb\",\"itemListElement\":[{\"@type\":\"ListItem\",\"position\":1,\"name\":\"Home\",\"item\":\"https:\/\/ridossavunma.com\/\"},{\"@type\":\"ListItem\",\"position\":2,\"name\":\"Modernization Capabilities\"}]},{\"@type\":\"WebSite\",\"@id\":\"https:\/\/ridossavunma.com\/#website\",\"url\":\"https:\/\/ridossavunma.com\/\",\"name\":\"RIDOS Defence\",\"description\":\"\",\"publisher\":{\"@id\":\"https:\/\/ridossavunma.com\/#organization\"},\"potentialAction\":[{\"@type\":\"SearchAction\",\"target\":{\"@type\":\"EntryPoint\",\"urlTemplate\":\"https:\/\/ridossavunma.com\/?s={search_term_string}\"},\"query-input\":\"required name=search_term_string\"}],\"inLanguage\":\"tr\"},{\"@type\":\"Organization\",\"@id\":\"https:\/\/ridossavunma.com\/#organization\",\"name\":\"RIDOS Defence\",\"url\":\"https:\/\/ridossavunma.com\/\",\"logo\":{\"@type\":\"ImageObject\",\"inLanguage\":\"tr\",\"@id\":\"https:\/\/ridossavunma.com\/#\/schema\/logo\/image\/\",\"url\":\"http:\/\/ridossavunma.com\/wp-content\/uploads\/2023\/08\/ridos-defence.png\",\"contentUrl\":\"http:\/\/ridossavunma.com\/wp-content\/uploads\/2023\/08\/ridos-defence.png\",\"width\":6955,\"height\":6632,\"caption\":\"RIDOS Defence\"},\"image\":{\"@id\":\"https:\/\/ridossavunma.com\/#\/schema\/logo\/image\/\"},\"sameAs\":[\"https:\/\/facebook.com\/ridossavunma\",\"https:\/\/twitter.com\/ridossavunma\",\"https:\/\/instagram.com\/ridossavunma\"]}]}<\/script>\n<!-- \/ Yoast SEO Premium plugin. -->","yoast_head_json":{"title":"Modernization Capabilities - RIDOS Defence","robots":{"index":"index","follow":"follow","max-snippet":"max-snippet:-1","max-image-preview":"max-image-preview:large","max-video-preview":"max-video-preview:-1"},"canonical":"https:\/\/ridossavunma.com\/tr\/modernizasyon-yetenekleri\/","og_locale":"tr_TR","og_type":"article","og_title":"Modernization Capabilities","og_description":"RIDOS Savunma Modernization Capabilities 01 ModernizationCapabilities Technology is developing every year in the Defense Industry. In technology, units that defend and attack have a struggle for dominance. For this reason, each army tries to design and update the systems used by its own soldiers according to the most up-to-date attack and defense technology. Therefore, there...","og_url":"https:\/\/ridossavunma.com\/tr\/modernizasyon-yetenekleri\/","og_site_name":"RIDOS Defence","article_publisher":"https:\/\/facebook.com\/ridossavunma","article_modified_time":"2023-08-09T07:26:37+00:00","og_image":[{"url":"http:\/\/ridossavunma.com\/wp-content\/uploads\/2023\/08\/ridos-defence-modernization-capabilities.jpg"}],"twitter_card":"summary_large_image","twitter_site":"@ridossavunma","schema":{"@context":"https:\/\/schema.org","@graph":[{"@type":"WebPage","@id":"https:\/\/ridossavunma.com\/modernization-capabilities\/","url":"https:\/\/ridossavunma.com\/modernization-capabilities\/","name":"Modernization Capabilities - RIDOS Defence","isPartOf":{"@id":"https:\/\/ridossavunma.com\/#website"},"datePublished":"2019-11-28T22:32:12+00:00","dateModified":"2023-08-09T07:26:37+00:00","breadcrumb":{"@id":"https:\/\/ridossavunma.com\/modernization-capabilities\/#breadcrumb"},"inLanguage":"tr","potentialAction":[{"@type":"ReadAction","target":["https:\/\/ridossavunma.com\/modernization-capabilities\/"]}]},{"@type":"BreadcrumbList","@id":"https:\/\/ridossavunma.com\/modernization-capabilities\/#breadcrumb","itemListElement":[{"@type":"ListItem","position":1,"name":"Home","item":"https:\/\/ridossavunma.com\/"},{"@type":"ListItem","position":2,"name":"Modernization Capabilities"}]},{"@type":"WebSite","@id":"https:\/\/ridossavunma.com\/#website","url":"https:\/\/ridossavunma.com\/","name":"RIDOS Defence","description":"","publisher":{"@id":"https:\/\/ridossavunma.com\/#organization"},"potentialAction":[{"@type":"SearchAction","target":{"@type":"EntryPoint","urlTemplate":"https:\/\/ridossavunma.com\/?s={search_term_string}"},"query-input":"required name=search_term_string"}],"inLanguage":"tr"},{"@type":"Organization","@id":"https:\/\/ridossavunma.com\/#organization","name":"RIDOS Defence","url":"https:\/\/ridossavunma.com\/","logo":{"@type":"ImageObject","inLanguage":"tr","@id":"https:\/\/ridossavunma.com\/#\/schema\/logo\/image\/","url":"http:\/\/ridossavunma.com\/wp-content\/uploads\/2023\/08\/ridos-defence.png","contentUrl":"http:\/\/ridossavunma.com\/wp-content\/uploads\/2023\/08\/ridos-defence.png","width":6955,"height":6632,"caption":"RIDOS Defence"},"image":{"@id":"https:\/\/ridossavunma.com\/#\/schema\/logo\/image\/"},"sameAs":["https:\/\/facebook.com\/ridossavunma","https:\/\/twitter.com\/ridossavunma","https:\/\/instagram.com\/ridossavunma"]}]}},"_links":{"self":[{"href":"https:\/\/ridossavunma.com\/tr\/wp-json\/wp\/v2\/pages\/695"}],"collection":[{"href":"https:\/\/ridossavunma.com\/tr\/wp-json\/wp\/v2\/pages"}],"about":[{"href":"https:\/\/ridossavunma.com\/tr\/wp-json\/wp\/v2\/types\/page"}],"author":[{"embeddable":true,"href":"https:\/\/ridossavunma.com\/tr\/wp-json\/wp\/v2\/users\/1"}],"replies":[{"embeddable":true,"href":"https:\/\/ridossavunma.com\/tr\/wp-json\/wp\/v2\/comments?post=695"}],"version-history":[{"count":5,"href":"https:\/\/ridossavunma.com\/tr\/wp-json\/wp\/v2\/pages\/695\/revisions"}],"predecessor-version":[{"id":4344,"href":"https:\/\/ridossavunma.com\/tr\/wp-json\/wp\/v2\/pages\/695\/revisions\/4344"}],"wp:attachment":[{"href":"https:\/\/ridossavunma.com\/tr\/wp-json\/wp\/v2\/media?parent=695"}],"curies":[{"name":"wp","href":"https:\/\/api.w.org\/{rel}","templated":true}]}}