{"id":918,"date":"2019-11-30T06:28:20","date_gmt":"2019-11-30T06:28:20","guid":{"rendered":"https:\/\/ninetheme.com\/themes\/quadron\/?page_id=918"},"modified":"2023-05-31T14:18:18","modified_gmt":"2023-05-31T14:18:18","slug":"contact","status":"publish","type":"page","link":"https:\/\/ridossavunma.com\/tr\/iletisim\/","title":{"rendered":"\u0130leti\u015fim"},"content":{"rendered":"<div data-elementor-type=\"wp-page\" data-elementor-id=\"918\" class=\"elementor elementor-918\" data-elementor-settings=\"[]\">\n\t\t\t<div class=\"elementor-inner\">\n\t\t\t\t<div class=\"elementor-section-wrap\">\n\t\t\t\t\t\t\t<section class=\"elementor-element elementor-element-9bfe8ec elementor-section-stretched elementor-section-full_width elementor-section-height-default elementor-section-height-default section__indent-def section__outdent-def elementor-section elementor-top-section\" data-id=\"9bfe8ec\" data-element_type=\"section\" data-settings=\"{&quot;stretch_section&quot;:&quot;section-stretched&quot;}\">\n\t\t\t\t\t\t<div class=\"elementor-container elementor-column-gap-no\">\n\t\t\t\t<div class=\"elementor-row\">\n\t\t\t\t<div class=\"elementor-element elementor-element-49dfacd4 elementor-column elementor-col-100 elementor-top-column\" data-id=\"49dfacd4\" data-element_type=\"column\">\n\t\t\t<div class=\"elementor-column-wrap  elementor-element-populated\">\n\t\t\t\t\t<div class=\"elementor-widget-wrap\">\n\t\t\t\t<div class=\"elementor-element elementor-element-455a64c6 elementor-widget elementor-widget-quadron-page-hero-section\" data-id=\"455a64c6\" data-element_type=\"widget\" data-widget_type=\"quadron-page-hero-section.default\">\n\t\t\t\t<div class=\"elementor-widget-container\">\n\t\t\t<div class=\"section--no-padding section\"><div class=\"subpage-header\"><div class=\"subpage-header__bg\"><div class=\"container\"><div class=\"subpage-header__block\"><div class=\"subpage-header__caption\">RIDOS Savunma<\/div><h1 class=\"subpage-header__title\">Bize Ula\u015f\u0131n<\/h1><div class=\"subpage-header__line\"><\/div><\/div><\/div><\/div><\/div><\/div>\t\t<\/div>\n\t\t\t\t<\/div>\n\t\t\t\t\t\t<\/div>\n\t\t\t<\/div>\n\t\t<\/div>\n\t\t\t\t\t\t<\/div>\n\t\t\t<\/div>\n\t\t<\/section>\n\t\t\t\t<section class=\"elementor-element elementor-element-f69c5df elementor-section-stretched elementor-section-full_width section__indent-15 elementor-section-height-default elementor-section-height-default section__outdent-def elementor-section elementor-top-section\" data-id=\"f69c5df\" data-element_type=\"section\" data-settings=\"{&quot;stretch_section&quot;:&quot;section-stretched&quot;}\">\n\t\t\t\t\t\t<div class=\"elementor-container elementor-column-gap-no\">\n\t\t\t\t<div class=\"elementor-row\">\n\t\t\t\t<div class=\"elementor-element elementor-element-264eefc elementor-column elementor-col-100 elementor-top-column\" data-id=\"264eefc\" data-element_type=\"column\">\n\t\t\t<div class=\"elementor-column-wrap  elementor-element-populated\">\n\t\t\t\t\t<div class=\"elementor-widget-wrap\">\n\t\t\t\t<section class=\"elementor-element elementor-element-47d0312 elementor-section-boxed elementor-section-height-default elementor-section-height-default section__indent-def section__outdent-def elementor-section elementor-inner-section\" data-id=\"47d0312\" data-element_type=\"section\">\n\t\t\t\t\t\t<div class=\"elementor-container elementor-column-gap-no\">\n\t\t\t\t<div class=\"elementor-row\">\n\t\t\t\t<div class=\"elementor-element elementor-element-33d0f7d elementor-column elementor-col-100 elementor-inner-column\" data-id=\"33d0f7d\" data-element_type=\"column\">\n\t\t\t<div class=\"elementor-column-wrap  elementor-element-populated\">\n\t\t\t\t\t<div class=\"elementor-widget-wrap\">\n\t\t\t\t<div class=\"elementor-element elementor-element-665e479 elementor-widget elementor-widget-quadron-contact-form-section\" data-id=\"665e479\" data-element_type=\"widget\" data-widget_type=\"quadron-contact-form-section.default\">\n\t\t\t\t<div class=\"elementor-widget-container\">\n\t\t\t<div class=\"section section-form section--bg-vertical-line\"><div class=\"container\"><div class=\"section-heading section-heading_indentg02\"><div class=\"description\"><i><\/i>\u0130leti\u015fim Formu<\/div><h4 class=\"title\">L\u00fctfen Formu Kullan\u0131n<\/h4><\/div>\n<div class=\"wpcf7 no-js\" id=\"wpcf7-f268-o1\" lang=\"en-US\" dir=\"ltr\">\n<div class=\"screen-reader-response\"><p role=\"status\" aria-live=\"polite\" aria-atomic=\"true\"><\/p> <ul><\/ul><\/div>\n<form action=\"\/tr\/wp-json\/wp\/v2\/pages\/918#wpcf7-f268-o1\" method=\"post\" class=\"wpcf7-form init\" aria-label=\"\u0130leti\u015fim Formu\" novalidate=\"novalidate\" data-status=\"init\" data-no-translation-aria-label=\"\" data-trp-original-action=\"\/tr\/wp-json\/wp\/v2\/pages\/918#wpcf7-f268-o1\">\n<div style=\"display: none;\">\n<input type=\"hidden\" name=\"_wpcf7\" value=\"268\" \/>\n<input type=\"hidden\" name=\"_wpcf7_version\" value=\"5.8\" \/>\n<input type=\"hidden\" name=\"_wpcf7_locale\" value=\"en_US\" \/>\n<input type=\"hidden\" name=\"_wpcf7_unit_tag\" value=\"wpcf7-f268-o1\" \/>\n<input type=\"hidden\" name=\"_wpcf7_container_post\" value=\"0\" \/>\n<input type=\"hidden\" name=\"_wpcf7_posted_data_hash\" value=\"\" \/>\n<input type=\"hidden\" name=\"_wpcf7_recaptcha_response\" value=\"\" \/>\n<\/div>\n<div class=\"contact-form form-default form-hatali\">\n\t<div class=\"row\">\n\t\t<div class=\"col-md-5 col-lg-4\">\n\t\t\t<div class=\"notes d-md-none d-lg-none d-xl-none\">\n\t\t\t\t<p>* \u2013 alanlar zorunludur\n\t\t\t\t<\/p>\n\t\t\t<\/div>\n\t\t\t<div class=\"form-group\">\n\t\t\t\t<p><label class=\"placeholder-label\">Ad *<\/label><br \/>\n<span class=\"wpcf7-form-control-wrap\" data-name=\"text-948\"><input size=\"40\" class=\"wpcf7-form-control wpcf7-text wpcf7-validates-as-required form-control\" aria-required=\"true\" aria-invalid=\"false\" value=\"\" type=\"text\" name=\"text-948\" \/><\/span>\n\t\t\t\t<\/p>\n\t\t\t<\/div>\n\t\t\t<div class=\"form-group\">\n\t\t\t\t<p><label class=\"placeholder-label\">Soyad *<\/label><br \/>\n<span class=\"wpcf7-form-control-wrap\" data-name=\"text-949\"><input size=\"40\" class=\"wpcf7-form-control wpcf7-text wpcf7-validates-as-required form-control\" aria-required=\"true\" aria-invalid=\"false\" value=\"\" type=\"text\" name=\"text-949\" \/><\/span>\n\t\t\t\t<\/p>\n\t\t\t<\/div>\n\t\t\t<div class=\"form-group\">\n\t\t\t\t<p><label class=\"placeholder-label\">E-posta<\/label><br \/>\n<span class=\"wpcf7-form-control-wrap\" data-name=\"email-431\"><input size=\"40\" class=\"wpcf7-form-control wpcf7-email wpcf7-validates-as-required wpcf7-text wpcf7-validates-as-email form-control\" aria-required=\"true\" aria-invalid=\"false\" value=\"\" type=\"email\" name=\"email-431\" \/><\/span>\n\t\t\t\t<\/p>\n\t\t\t<\/div>\n\t\t\t<div class=\"form-group\">\n\t\t\t\t<div class=\"wrapper-select-for-title\">\n\t\t\t\t\t<p><label class=\"placeholder-label\">Konu *<\/label><br \/>\n<span class=\"wpcf7-form-control-wrap\" data-name=\"menu-127\"><select class=\"wpcf7-form-control wpcf7-select wpcf7-validates-as-required js-init-select select-custom-02\" aria-required=\"true\" aria-invalid=\"false\" name=\"menu-127\"><option value=\"Please select\">L\u00fctfen se\u00e7in<\/option><option value=\"Products\">\u00dcr\u00fcnler<\/option><option value=\"Services\">Hizmetler<\/option><option value=\"Other\">Di\u011fer<\/option><\/select><\/span>\n\t\t\t\t\t<\/p>\n\t\t\t\t<\/div>\n\t\t\t<\/div>\n\t\t\t<div class=\"notes d-none d-md-block d-lg-block d-xl-block\">\n\t\t\t\t<p>* \u2013 alanlar zorunludur\n\t\t\t\t<\/p>\n\t\t\t<\/div>\n\t\t<\/div>\n\t\t<div class=\"divider divider__md notes d-md-none d-lg-none d-xl-none\">\n\t\t<\/div>\n\t\t<div class=\"col-md-7 col-lg-8\">\n\t\t\t<div class=\"form-group\">\n\t\t\t\t<p><label class=\"placeholder-label\">\u0130leti<\/label><br \/>\n<span class=\"wpcf7-form-control-wrap\" data-name=\"textarea-379\"><textarea cols=\"10\" rows=\"3\" class=\"wpcf7-form-control wpcf7-textarea form-control\" aria-invalid=\"false\" name=\"textarea-379\"><\/textarea><\/span>\n\t\t\t\t<\/p>\n\t\t\t<\/div>\n\t\t\t<p><input class=\"wpcf7-form-control wpcf7-submit has-spinner btn\" type=\"submit\" value=\"MESAJ G\u00d6NDER\" \/>\n\t\t\t<\/p>\n\t\t<\/div>\n\t<\/div>\n<\/div><div class=\"wpcf7-response-output\" aria-hidden=\"true\"><\/div>\n<input type=\"hidden\" name=\"trp-form-language\" value=\"tr\"\/><\/form>\n<\/div>\n<\/div><\/div>\t\t<\/div>\n\t\t\t\t<\/div>\n\t\t\t\t\t\t<\/div>\n\t\t\t<\/div>\n\t\t<\/div>\n\t\t\t\t\t\t<\/div>\n\t\t\t<\/div>\n\t\t<\/section>\n\t\t\t\t\t\t<\/div>\n\t\t\t<\/div>\n\t\t<\/div>\n\t\t\t\t\t\t<\/div>\n\t\t\t<\/div>\n\t\t<\/section>\n\t\t\t\t<section class=\"elementor-element elementor-element-af70322 elementor-section-stretched elementor-section-full_width elementor-section-content-middle section-default-top elementor-section-height-default elementor-section-height-default section__indent-def elementor-section elementor-top-section\" data-id=\"af70322\" data-element_type=\"section\" data-settings=\"{&quot;stretch_section&quot;:&quot;section-stretched&quot;}\">\n\t\t\t\t\t\t<div class=\"elementor-container elementor-column-gap-no\">\n\t\t\t\t<div class=\"elementor-row\">\n\t\t\t\t<div class=\"elementor-element elementor-element-2306384 elementor-column elementor-col-50 elementor-top-column\" data-id=\"2306384\" data-element_type=\"column\">\n\t\t\t<div class=\"elementor-column-wrap  elementor-element-populated\">\n\t\t\t\t\t<div class=\"elementor-widget-wrap\">\n\t\t\t\t<div class=\"elementor-element elementor-element-abd58a0 elementor-widget elementor-widget-google_maps\" data-id=\"abd58a0\" data-element_type=\"widget\" data-widget_type=\"google_maps.default\">\n\t\t\t\t<div class=\"elementor-widget-container\">\n\t\t\t<div class=\"elementor-custom-embed\"><iframe frameborder=\"0\" scrolling=\"no\" marginheight=\"0\" marginwidth=\"0\" src=\"https:\/\/maps.google.com\/maps?q=RIDOS%20Grup&amp;t=m&amp;z=16&amp;output=embed&amp;iwloc=near\" aria-label=\"RIDOS Grup\"><\/iframe><\/div>\t\t<\/div>\n\t\t\t\t<\/div>\n\t\t\t\t\t\t<\/div>\n\t\t\t<\/div>\n\t\t<\/div>\n\t\t\t\t<div class=\"elementor-element elementor-element-9cbcdf0 elementor-column elementor-col-50 elementor-top-column\" data-id=\"9cbcdf0\" data-element_type=\"column\">\n\t\t\t<div class=\"elementor-column-wrap  elementor-element-populated\">\n\t\t\t\t\t<div class=\"elementor-widget-wrap\">\n\t\t\t\t<div class=\"elementor-element elementor-element-684a704 elementor-widget elementor-widget-text-editor\" data-id=\"684a704\" data-element_type=\"widget\" data-widget_type=\"text-editor.default\">\n\t\t\t\t<div class=\"elementor-widget-container\">\n\t\t\t\t\t<div class=\"elementor-text-editor elementor-clearfix\"><div class=\"contact-info__description\"><address><p><strong>Adres<\/strong>Mutlukent Mah. Arda Sk. No:3 \u00c7ankaya \/ Ankara<\/p><p><strong>Telefon numaras\u0131<\/strong>+90 312 236 65 61<\/p><p><strong>E-posta<\/strong><a href=\"mailto:info@ridossavunma.com\">info@ridossavunma.com<\/a><\/p><\/address><\/div><\/div>\n\t\t\t\t<\/div>\n\t\t\t\t<\/div>\n\t\t\t\t\t\t<\/div>\n\t\t\t<\/div>\n\t\t<\/div>\n\t\t\t\t\t\t<\/div>\n\t\t\t<\/div>\n\t\t<\/section>\n\t\t\t\t<section class=\"elementor-element elementor-element-f46f01e elementor-section-stretched elementor-section-full_width elementor-hidden-desktop elementor-hidden-tablet elementor-hidden-phone elementor-section-height-default elementor-section-height-default section__indent-def section__outdent-def elementor-section elementor-top-section\" data-id=\"f46f01e\" data-element_type=\"section\" data-settings=\"{&quot;stretch_section&quot;:&quot;section-stretched&quot;}\">\n\t\t\t\t\t\t<div class=\"elementor-container elementor-column-gap-no\">\n\t\t\t\t<div class=\"elementor-row\">\n\t\t\t\t<div class=\"elementor-element elementor-element-3cd8f11 elementor-column elementor-col-50 elementor-top-column\" data-id=\"3cd8f11\" data-element_type=\"column\">\n\t\t\t<div class=\"elementor-column-wrap  elementor-element-populated\">\n\t\t\t\t\t<div class=\"elementor-widget-wrap\">\n\t\t\t\t<div class=\"elementor-element elementor-element-d797263 elementor-drop-cap-yes elementor-drop-cap-view-default elementor-widget elementor-widget-text-editor\" data-id=\"d797263\" data-element_type=\"widget\" data-settings=\"{&quot;drop_cap&quot;:&quot;yes&quot;}\" data-widget_type=\"text-editor.default\">\n\t\t\t\t<div class=\"elementor-widget-container\">\n\t\t\t\t\t<div class=\"elementor-text-editor elementor-clearfix\"><div class=\"contact-info__description\">\n<address>\n<p><strong>Adres<\/strong>\n315 S Peoria Caddesi<br>Chicago, IL 60607<\/p>\n<p><strong>Telefon numaras\u0131<\/strong>\n(212) 667-4369<\/p>\n<p><strong>E-posta<\/strong>\n<a href=\"mailto:sale@quadron.com\">sat\u0131\u015f@quadron.com<\/a><\/p>\n<\/address>\n<\/div><\/div>\n\t\t\t\t<\/div>\n\t\t\t\t<\/div>\n\t\t\t\t\t\t<\/div>\n\t\t\t<\/div>\n\t\t<\/div>\n\t\t\t\t<div class=\"elementor-element elementor-element-390ab26 elementor-column elementor-col-50 elementor-top-column\" data-id=\"390ab26\" data-element_type=\"column\">\n\t\t\t<div class=\"elementor-column-wrap  elementor-element-populated\">\n\t\t\t\t\t<div class=\"elementor-widget-wrap\">\n\t\t\t\t<div class=\"elementor-element elementor-element-6a11894 elementor-widget elementor-widget-google_maps\" data-id=\"6a11894\" data-element_type=\"widget\" data-widget_type=\"google_maps.default\">\n\t\t\t\t<div class=\"elementor-widget-container\">\n\t\t\t<div class=\"elementor-custom-embed\"><iframe frameborder=\"0\" scrolling=\"no\" marginheight=\"0\" marginwidth=\"0\" src=\"https:\/\/maps.google.com\/maps?q=London%20Eye%2C%20London%2C%20United%20Kingdom&amp;t=m&amp;z=10&amp;output=embed&amp;iwloc=near\" aria-label=\"London Eye, Londra, Birle\u015fik Krall\u0131k\"><\/iframe><\/div>\t\t<\/div>\n\t\t\t\t<\/div>\n\t\t\t\t\t\t<\/div>\n\t\t\t<\/div>\n\t\t<\/div>\n\t\t\t\t\t\t<\/div>\n\t\t\t<\/div>\n\t\t<\/section>\n\t\t\t\t\t\t<\/div>\n\t\t\t<\/div>\n\t\t<\/div>","protected":false},"excerpt":{"rendered":"<p>RIDOS Savunma Bize Ula\u015f\u0131n \u0130leti\u015fim Formu L\u00fctfen Formu kullan\u0131n * \u2013 alanlar\u0131n doldurulmas\u0131 zorunludur Ad * Soyad * E-posta Sekt\u00f6r\u00fc * L\u00fctfen se\u00e7inTar\u0131mDa\u011f\u0131t\u0131mMasMediaE\u011flence * \u2013 alanlar\u0131n doldurulmas\u0131 zorunludur Mesaj AdresMutlukent Mah. Arda Sk. No:3 \u00c7ankaya \/ Ankara Telefon numaras\u0131+90 312 236 65 61 Emailinfo@ridossavunma.com Adres 315 S Peoria StChicago, IL 60607 Tel\u2026<\/p>","protected":false},"author":1,"featured_media":0,"parent":0,"menu_order":0,"comment_status":"closed","ping_status":"closed","template":"quadron-elementor-page.php","meta":{"footnotes":""},"class_list":{"0":"post-918","1":"page","2":"type-page","3":"status-publish","4":"hentry","5":"nt-post-class","6":"","8":"nt-default-format-box","9":"post-box-type-grid"},"yoast_head":"<!-- This site is optimized with the Yoast SEO Premium plugin v20.13 (Yoast SEO v20.13) - https:\/\/yoast.com\/wordpress\/plugins\/seo\/ -->\n<title>Contact - RIDOS Defence<\/title>\n<meta name=\"robots\" content=\"index, follow, max-snippet:-1, max-image-preview:large, max-video-preview:-1\" \/>\n<link rel=\"canonical\" href=\"https:\/\/ridossavunma.com\/tr\/iletisim\/\" \/>\n<meta property=\"og:locale\" content=\"tr_TR\" \/>\n<meta property=\"og:type\" content=\"article\" \/>\n<meta property=\"og:title\" content=\"Contact\" \/>\n<meta property=\"og:description\" content=\"RIDOS Savunma Contact Us Contact Form Please use the Form * \u2013 fields are required First name * Last name * Email Industry * Please selectAgricultureDeliveryMasMediaEntertaiment * \u2013 fields are required Message AddressMutlukent Mah. Arda Sk. No:3 \u00c7ankaya \/ Ankara Phone number+90 312 236 65 61 Emailinfo@ridossavunma.com Address 315 S Peoria StChicago, IL 60607 Phone...\" \/>\n<meta property=\"og:url\" content=\"https:\/\/ridossavunma.com\/tr\/iletisim\/\" \/>\n<meta property=\"og:site_name\" content=\"RIDOS Defence\" \/>\n<meta property=\"article:publisher\" content=\"https:\/\/facebook.com\/ridossavunma\" \/>\n<meta property=\"article:modified_time\" content=\"2023-05-31T14:18:18+00:00\" \/>\n<meta name=\"twitter:card\" content=\"summary_large_image\" \/>\n<meta name=\"twitter:site\" content=\"@ridossavunma\" \/>\n<script type=\"application\/ld+json\" class=\"yoast-schema-graph\">{\"@context\":\"https:\/\/schema.org\",\"@graph\":[{\"@type\":\"WebPage\",\"@id\":\"https:\/\/ridossavunma.com\/contact\/\",\"url\":\"https:\/\/ridossavunma.com\/contact\/\",\"name\":\"Contact - RIDOS Defence\",\"isPartOf\":{\"@id\":\"https:\/\/ridossavunma.com\/#website\"},\"datePublished\":\"2019-11-30T06:28:20+00:00\",\"dateModified\":\"2023-05-31T14:18:18+00:00\",\"breadcrumb\":{\"@id\":\"https:\/\/ridossavunma.com\/contact\/#breadcrumb\"},\"inLanguage\":\"tr\",\"potentialAction\":[{\"@type\":\"ReadAction\",\"target\":[\"https:\/\/ridossavunma.com\/contact\/\"]}]},{\"@type\":\"BreadcrumbList\",\"@id\":\"https:\/\/ridossavunma.com\/contact\/#breadcrumb\",\"itemListElement\":[{\"@type\":\"ListItem\",\"position\":1,\"name\":\"Home\",\"item\":\"https:\/\/ridossavunma.com\/\"},{\"@type\":\"ListItem\",\"position\":2,\"name\":\"Contact\"}]},{\"@type\":\"WebSite\",\"@id\":\"https:\/\/ridossavunma.com\/#website\",\"url\":\"https:\/\/ridossavunma.com\/\",\"name\":\"RIDOS Defence\",\"description\":\"\",\"publisher\":{\"@id\":\"https:\/\/ridossavunma.com\/#organization\"},\"potentialAction\":[{\"@type\":\"SearchAction\",\"target\":{\"@type\":\"EntryPoint\",\"urlTemplate\":\"https:\/\/ridossavunma.com\/?s={search_term_string}\"},\"query-input\":\"required name=search_term_string\"}],\"inLanguage\":\"tr\"},{\"@type\":\"Organization\",\"@id\":\"https:\/\/ridossavunma.com\/#organization\",\"name\":\"RIDOS Defence\",\"url\":\"https:\/\/ridossavunma.com\/\",\"logo\":{\"@type\":\"ImageObject\",\"inLanguage\":\"tr\",\"@id\":\"https:\/\/ridossavunma.com\/#\/schema\/logo\/image\/\",\"url\":\"http:\/\/ridossavunma.com\/wp-content\/uploads\/2023\/08\/ridos-defence.png\",\"contentUrl\":\"http:\/\/ridossavunma.com\/wp-content\/uploads\/2023\/08\/ridos-defence.png\",\"width\":6955,\"height\":6632,\"caption\":\"RIDOS Defence\"},\"image\":{\"@id\":\"https:\/\/ridossavunma.com\/#\/schema\/logo\/image\/\"},\"sameAs\":[\"https:\/\/facebook.com\/ridossavunma\",\"https:\/\/twitter.com\/ridossavunma\",\"https:\/\/instagram.com\/ridossavunma\"]}]}<\/script>\n<!-- \/ Yoast SEO Premium plugin. -->","yoast_head_json":{"title":"Contact - RIDOS Defence","robots":{"index":"index","follow":"follow","max-snippet":"max-snippet:-1","max-image-preview":"max-image-preview:large","max-video-preview":"max-video-preview:-1"},"canonical":"https:\/\/ridossavunma.com\/tr\/iletisim\/","og_locale":"tr_TR","og_type":"article","og_title":"Contact","og_description":"RIDOS Savunma Contact Us Contact Form Please use the Form * \u2013 fields are required First name * Last name * Email Industry * Please selectAgricultureDeliveryMasMediaEntertaiment * \u2013 fields are required Message AddressMutlukent Mah. Arda Sk. No:3 \u00c7ankaya \/ Ankara Phone number+90 312 236 65 61 Emailinfo@ridossavunma.com Address 315 S Peoria StChicago, IL 60607 Phone...","og_url":"https:\/\/ridossavunma.com\/tr\/iletisim\/","og_site_name":"RIDOS Defence","article_publisher":"https:\/\/facebook.com\/ridossavunma","article_modified_time":"2023-05-31T14:18:18+00:00","twitter_card":"summary_large_image","twitter_site":"@ridossavunma","schema":{"@context":"https:\/\/schema.org","@graph":[{"@type":"WebPage","@id":"https:\/\/ridossavunma.com\/contact\/","url":"https:\/\/ridossavunma.com\/contact\/","name":"Contact - RIDOS Defence","isPartOf":{"@id":"https:\/\/ridossavunma.com\/#website"},"datePublished":"2019-11-30T06:28:20+00:00","dateModified":"2023-05-31T14:18:18+00:00","breadcrumb":{"@id":"https:\/\/ridossavunma.com\/contact\/#breadcrumb"},"inLanguage":"tr","potentialAction":[{"@type":"ReadAction","target":["https:\/\/ridossavunma.com\/contact\/"]}]},{"@type":"BreadcrumbList","@id":"https:\/\/ridossavunma.com\/contact\/#breadcrumb","itemListElement":[{"@type":"ListItem","position":1,"name":"Home","item":"https:\/\/ridossavunma.com\/"},{"@type":"ListItem","position":2,"name":"Contact"}]},{"@type":"WebSite","@id":"https:\/\/ridossavunma.com\/#website","url":"https:\/\/ridossavunma.com\/","name":"RIDOS Defence","description":"","publisher":{"@id":"https:\/\/ridossavunma.com\/#organization"},"potentialAction":[{"@type":"SearchAction","target":{"@type":"EntryPoint","urlTemplate":"https:\/\/ridossavunma.com\/?s={search_term_string}"},"query-input":"required name=search_term_string"}],"inLanguage":"tr"},{"@type":"Organization","@id":"https:\/\/ridossavunma.com\/#organization","name":"RIDOS Defence","url":"https:\/\/ridossavunma.com\/","logo":{"@type":"ImageObject","inLanguage":"tr","@id":"https:\/\/ridossavunma.com\/#\/schema\/logo\/image\/","url":"http:\/\/ridossavunma.com\/wp-content\/uploads\/2023\/08\/ridos-defence.png","contentUrl":"http:\/\/ridossavunma.com\/wp-content\/uploads\/2023\/08\/ridos-defence.png","width":6955,"height":6632,"caption":"RIDOS Defence"},"image":{"@id":"https:\/\/ridossavunma.com\/#\/schema\/logo\/image\/"},"sameAs":["https:\/\/facebook.com\/ridossavunma","https:\/\/twitter.com\/ridossavunma","https:\/\/instagram.com\/ridossavunma"]}]}},"_links":{"self":[{"href":"https:\/\/ridossavunma.com\/tr\/wp-json\/wp\/v2\/pages\/918"}],"collection":[{"href":"https:\/\/ridossavunma.com\/tr\/wp-json\/wp\/v2\/pages"}],"about":[{"href":"https:\/\/ridossavunma.com\/tr\/wp-json\/wp\/v2\/types\/page"}],"author":[{"embeddable":true,"href":"https:\/\/ridossavunma.com\/tr\/wp-json\/wp\/v2\/users\/1"}],"replies":[{"embeddable":true,"href":"https:\/\/ridossavunma.com\/tr\/wp-json\/wp\/v2\/comments?post=918"}],"version-history":[{"count":4,"href":"https:\/\/ridossavunma.com\/tr\/wp-json\/wp\/v2\/pages\/918\/revisions"}],"predecessor-version":[{"id":4202,"href":"https:\/\/ridossavunma.com\/tr\/wp-json\/wp\/v2\/pages\/918\/revisions\/4202"}],"wp:attachment":[{"href":"https:\/\/ridossavunma.com\/tr\/wp-json\/wp\/v2\/media?parent=918"}],"curies":[{"name":"wp","href":"https:\/\/api.w.org\/{rel}","templated":true}]}}